{"id":252935,"date":"2021-07-14T19:58:06","date_gmt":"2021-07-14T19:58:06","guid":{"rendered":"https:\/\/bbtours.berlin\/ueber-uns\/"},"modified":"2026-01-14T16:44:17","modified_gmt":"2026-01-14T16:44:17","slug":"ueber-uns","status":"publish","type":"page","link":"https:\/\/bbtours.berlin\/de\/ueber-uns\/","title":{"rendered":"\u00dcber uns"},"content":{"rendered":"<div class=\"wpb-content-wrapper\">[vc_row full_width=&#8220;stretch_row&#8220; css=&#8220;.vc_custom_1740251587329{padding-bottom: 50px !important;background-position: center !important;background-repeat: no-repeat !important;background-size: cover !important;}&#8220;][vc_column css=&#8220;.vc_custom_1740251502165{margin-bottom: 30px !important;}&#8220;][vc_column_text css=&#8220;&#8220;]\n<h1 style=\"text-align: center;\">\u00dcber uns<\/h1>\n[\/vc_column_text]<div class=\"vcex-module vcex-divider vcex-divider-solid vcex-divider-center wpex-mx-auto wpex-block wpex-h-0 wpex-border-b wpex-border-solid wpex-border-main\" style=\"border-bottom-width:3px;border-color:#000000;\"><\/div><div class=\"vcex-spacing wpex-w-100 wpex-clear\"><\/div>[vc_row_inner][vc_column_inner width=&#8220;1\/4&#8243;][vc_single_image image=&#8220;253563&#8243; alignment=&#8220;center&#8220; style=&#8220;vc_box_circle&#8220; css=&#8220;&#8220; img_filter=&#8220;sepia&#8220;][vc_column_text css=&#8220;&#8220;]\n<h4 style=\"text-align: center;\"><strong>Martina Baltkalne<\/strong><br \/>\n<em>Gr\u00fcnderin und Stadtf\u00fchrerin<\/em><\/h4>\n[\/vc_column_text][\/vc_column_inner][vc_column_inner width=&#8220;3\/4&#8243; css=&#8220;.vc_custom_1740251483908{border-bottom-width: 2px !important;padding-top: 20px !important;padding-right: 20px !important;padding-bottom: 20px !important;padding-left: 20px !important;}&#8220;][vc_column_text css_animation=&#8220;fadeInDown&#8220;]<strong>Wir lieben Berlin.<\/strong> Insbesondere lieben wir es, seine einzigartige Geschichte zu erkunden und tief in den Geschichten der Vergangenheit zu graben. Wir m\u00f6chten unsere Leidenschaft f\u00fcr diese Stadt mit Einheimischen und Touristen gleicherma\u00dfen teilen, sind aber der Meinung, dass herk\u00f6mmliche Stadtf\u00fchrungen daf\u00fcr nicht immer das beste Format sind.[\/vc_column_text][vc_empty_space height=&#8220;40&#8243;][vc_column_text css_animation=&#8220;fadeInDown&#8220;]Deshalb haben wir uns eine Alternative einfallen lassen: Mikro-Touren. Wir nehmen alle verschiedenen Ebenen der Geschichte, die eine Gegend oder ein kleines, aber durchaus wichtiges Areal zu bieten hat, unter die Lupe und verbinden sie zu einer fesselnden Erfahrung der Vergangenheit und Gegenwart der Stadt. Mit anderen Worten, wir bieten kompakte und zug\u00e4ngliche Rundg\u00e4nge an, die sich auf gro\u00dfe Geschichte an kleinen Orten konzentrieren. Wir glauben, dass solche Mikro-Touren durch Berlin oft mehr \u00fcber die Vergangenheit und Gegenwart der Stadt erz\u00e4hlen k\u00f6nnen als ein anstrengender Streifzug quer durch die Stadt. Wir w\u00fcrden also gerne auf eine Zeitreise der etwas anderen Art einladen. Wir halten unsere Gruppen au\u00dferdem klein, damit jeder Gast, ob Einheimischer oder Besucher, ein hochwertiges Erlebnis genie\u00dfen kann.[\/vc_column_text][\/vc_column_inner][\/vc_row_inner][\/vc_column][\/vc_row]\n<\/div>","protected":false},"excerpt":{"rendered":"<p>[vc_row full_width=&#8220;stretch_row&#8220; css=&#8220;.vc_custom_1740251587329{padding-bottom: 50px !important;background-position: center !important;background-repeat: no-repeat !important;background-size: cover !important;}&#8220;][vc_column css=&#8220;.vc_custom_1740251502165{margin-bottom: 30px !important;}&#8220;][vc_column_text css=&#8220;&#8220;] \u00dcber uns [\/vc_column_text][vc_row_inner][vc_column_inner width=&#8220;1\/4&#8243;][vc_single_image image=&#8220;253563&#8243; alignment=&#8220;center&#8220; style=&#8220;vc_box_circle&#8220; css=&#8220;&#8220; img_filter=&#8220;sepia&#8220;][vc_column_text css=&#8220;&#8220;] Martina Baltkalne Gr\u00fcnderin und Stadtf\u00fchrerin [\/vc_column_text][\/vc_column_inner][vc_column_inner width=&#8220;3\/4&#8243; css=&#8220;.vc_custom_1740251483908{border-bottom-width: 2px !important;padding-top: 20px !important;padding-right: 20px !important;padding-bottom: 20px !important;padding-left: 20px !important;}&#8220;][vc_column_text css_animation=&#8220;fadeInDown&#8220;]Wir lieben Berlin. Insbesondere lieben wir es, seine einzigartige Geschichte zu erkunden&hellip;<\/p>\n","protected":false},"author":1,"featured_media":0,"parent":0,"menu_order":0,"comment_status":"closed","ping_status":"closed","template":"templates\/no-sidebar.php","meta":{"footnotes":""},"class_list":["post-252935","page","type-page","status-publish","hentry","entry","no-media"],"yoast_head":"<!-- This site is optimized with the Yoast SEO Premium plugin v27.3 (Yoast SEO v27.3) - https:\/\/yoast.com\/product\/yoast-seo-premium-wordpress\/ -->\n<title>\u00dcber uns - Alternative &amp; Customised Historical Walking Tours in Berlin<\/title>\n<meta name=\"description\" content=\"The best walking tour experience in Berlin with professional guides in small groups. Discover Berlin with us, one story at a time.\" \/>\n<meta name=\"robots\" content=\"index, follow, max-snippet:-1, max-image-preview:large, max-video-preview:-1\" \/>\n<link rel=\"canonical\" href=\"https:\/\/bbtours.berlin\/about-us\/\" \/>\n<meta property=\"og:locale\" content=\"de_DE\" \/>\n<meta property=\"og:type\" content=\"article\" \/>\n<meta property=\"og:title\" content=\"\u00dcber uns\" \/>\n<meta property=\"og:description\" content=\"The best walking tour experience in Berlin with professional guides in small groups. Discover Berlin with us, one story at a time.\" \/>\n<meta property=\"og:url\" content=\"https:\/\/bbtours.berlin\/about-us\/\" \/>\n<meta property=\"og:site_name\" content=\"Alternative &amp; Customised Historical Walking Tours in Berlin\" \/>\n<meta property=\"article:publisher\" content=\"https:\/\/www.facebook.com\/bbtoursberlin\" \/>\n<meta property=\"article:modified_time\" content=\"2026-01-14T16:44:17+00:00\" \/>\n<meta property=\"og:image\" content=\"https:\/\/bbtours.berlin\/wp-content\/uploads\/2025\/10\/BBTours-Grouptours.webp\" \/>\n\t<meta property=\"og:image:width\" content=\"2400\" \/>\n\t<meta property=\"og:image:height\" content=\"1000\" \/>\n\t<meta property=\"og:image:type\" content=\"image\/jpeg\" \/>\n<meta name=\"twitter:card\" content=\"summary_large_image\" \/>\n<meta name=\"twitter:label1\" content=\"Gesch\u00e4tzte Lesezeit\" \/>\n\t<meta name=\"twitter:data1\" content=\"2\u00a0Minuten\" \/>\n<script type=\"application\/ld+json\" class=\"yoast-schema-graph\">{\"@context\":\"https:\\\/\\\/schema.org\",\"@graph\":[{\"@type\":[\"WebPage\",\"CheckoutPage\"],\"@id\":\"https:\\\/\\\/bbtours.berlin\\\/about-us\\\/\",\"url\":\"https:\\\/\\\/bbtours.berlin\\\/about-us\\\/\",\"name\":\"\u00dcber uns - Alternative &amp; Customised Historical Walking Tours in Berlin\",\"isPartOf\":{\"@id\":\"https:\\\/\\\/bbtours.berlin\\\/#website\"},\"datePublished\":\"2021-07-14T19:58:06+00:00\",\"dateModified\":\"2026-01-14T16:44:17+00:00\",\"description\":\"The best walking tour experience in Berlin with professional guides in small groups. Discover Berlin with us, one story at a time.\",\"breadcrumb\":{\"@id\":\"https:\\\/\\\/bbtours.berlin\\\/about-us\\\/#breadcrumb\"},\"inLanguage\":\"de\",\"potentialAction\":[{\"@type\":\"ReadAction\",\"target\":[\"https:\\\/\\\/bbtours.berlin\\\/about-us\\\/\"]}]},{\"@type\":\"BreadcrumbList\",\"@id\":\"https:\\\/\\\/bbtours.berlin\\\/about-us\\\/#breadcrumb\",\"itemListElement\":[{\"@type\":\"ListItem\",\"position\":1,\"name\":\"Home\",\"item\":\"https:\\\/\\\/bbtours.berlin\\\/de\\\/\"},{\"@type\":\"ListItem\",\"position\":2,\"name\":\"\u00dcber uns\"}]},{\"@type\":\"WebSite\",\"@id\":\"https:\\\/\\\/bbtours.berlin\\\/#website\",\"url\":\"https:\\\/\\\/bbtours.berlin\\\/\",\"name\":\"Alternative & Customised Historical Walking Tours in Berlin\",\"description\":\"Walking Tours in Berlin\",\"publisher\":{\"@id\":\"https:\\\/\\\/bbtours.berlin\\\/#organization\"},\"alternateName\":\"Beyond & Beneath Tours Berlin\",\"potentialAction\":[{\"@type\":\"SearchAction\",\"target\":{\"@type\":\"EntryPoint\",\"urlTemplate\":\"https:\\\/\\\/bbtours.berlin\\\/?s={search_term_string}\"},\"query-input\":{\"@type\":\"PropertyValueSpecification\",\"valueRequired\":true,\"valueName\":\"search_term_string\"}}],\"inLanguage\":\"de\"},{\"@type\":\"Organization\",\"@id\":\"https:\\\/\\\/bbtours.berlin\\\/#organization\",\"name\":\"Beyond and Beneath Tours Berlin\",\"alternateName\":\"Alternative & Customised Historical Walking Tours in Berlin\",\"url\":\"https:\\\/\\\/bbtours.berlin\\\/\",\"logo\":{\"@type\":\"ImageObject\",\"inLanguage\":\"de\",\"@id\":\"https:\\\/\\\/bbtours.berlin\\\/#\\\/schema\\\/logo\\\/image\\\/\",\"url\":\"https:\\\/\\\/bbtours.berlin\\\/wp-content\\\/uploads\\\/2024\\\/07\\\/BBTours-Walking-Tours-Berlin-Logo-1.png\",\"contentUrl\":\"https:\\\/\\\/bbtours.berlin\\\/wp-content\\\/uploads\\\/2024\\\/07\\\/BBTours-Walking-Tours-Berlin-Logo-1.png\",\"width\":696,\"height\":696,\"caption\":\"Beyond and Beneath Tours Berlin\"},\"image\":{\"@id\":\"https:\\\/\\\/bbtours.berlin\\\/#\\\/schema\\\/logo\\\/image\\\/\"},\"sameAs\":[\"https:\\\/\\\/www.facebook.com\\\/bbtoursberlin\",\"https:\\\/\\\/www.instagram.com\\\/bbtoursberlin\\\/\",\"https:\\\/\\\/www.tiktok.com\\\/@bbtoursberlin\"],\"publishingPrinciples\":\"https:\\\/\\\/bbtours.berlin\\\/imprint\\\/\",\"ownershipFundingInfo\":\"https:\\\/\\\/bbtours.berlin\\\/contact\\\/\",\"actionableFeedbackPolicy\":\"https:\\\/\\\/bbtours.berlin\\\/terms-and-conditions\\\/\"}]}<\/script>\n<!-- \/ Yoast SEO Premium plugin. -->","yoast_head_json":{"title":"\u00dcber uns - Alternative &amp; Customised Historical Walking Tours in Berlin","description":"The best walking tour experience in Berlin with professional guides in small groups. Discover Berlin with us, one story at a time.","robots":{"index":"index","follow":"follow","max-snippet":"max-snippet:-1","max-image-preview":"max-image-preview:large","max-video-preview":"max-video-preview:-1"},"canonical":"https:\/\/bbtours.berlin\/about-us\/","og_locale":"de_DE","og_type":"article","og_title":"\u00dcber uns","og_description":"The best walking tour experience in Berlin with professional guides in small groups. Discover Berlin with us, one story at a time.","og_url":"https:\/\/bbtours.berlin\/about-us\/","og_site_name":"Alternative &amp; Customised Historical Walking Tours in Berlin","article_publisher":"https:\/\/www.facebook.com\/bbtoursberlin","article_modified_time":"2026-01-14T16:44:17+00:00","og_image":[{"width":2400,"height":1000,"url":"https:\/\/bbtours.berlin\/wp-content\/uploads\/2025\/10\/BBTours-Grouptours.webp","type":"image\/jpeg"}],"twitter_card":"summary_large_image","twitter_misc":{"Gesch\u00e4tzte Lesezeit":"2\u00a0Minuten"},"schema":{"@context":"https:\/\/schema.org","@graph":[{"@type":["WebPage","CheckoutPage"],"@id":"https:\/\/bbtours.berlin\/about-us\/","url":"https:\/\/bbtours.berlin\/about-us\/","name":"\u00dcber uns - Alternative &amp; Customised Historical Walking Tours in Berlin","isPartOf":{"@id":"https:\/\/bbtours.berlin\/#website"},"datePublished":"2021-07-14T19:58:06+00:00","dateModified":"2026-01-14T16:44:17+00:00","description":"The best walking tour experience in Berlin with professional guides in small groups. Discover Berlin with us, one story at a time.","breadcrumb":{"@id":"https:\/\/bbtours.berlin\/about-us\/#breadcrumb"},"inLanguage":"de","potentialAction":[{"@type":"ReadAction","target":["https:\/\/bbtours.berlin\/about-us\/"]}]},{"@type":"BreadcrumbList","@id":"https:\/\/bbtours.berlin\/about-us\/#breadcrumb","itemListElement":[{"@type":"ListItem","position":1,"name":"Home","item":"https:\/\/bbtours.berlin\/de\/"},{"@type":"ListItem","position":2,"name":"\u00dcber uns"}]},{"@type":"WebSite","@id":"https:\/\/bbtours.berlin\/#website","url":"https:\/\/bbtours.berlin\/","name":"Alternative & Customised Historical Walking Tours in Berlin","description":"Walking Tours in Berlin","publisher":{"@id":"https:\/\/bbtours.berlin\/#organization"},"alternateName":"Beyond & Beneath Tours Berlin","potentialAction":[{"@type":"SearchAction","target":{"@type":"EntryPoint","urlTemplate":"https:\/\/bbtours.berlin\/?s={search_term_string}"},"query-input":{"@type":"PropertyValueSpecification","valueRequired":true,"valueName":"search_term_string"}}],"inLanguage":"de"},{"@type":"Organization","@id":"https:\/\/bbtours.berlin\/#organization","name":"Beyond and Beneath Tours Berlin","alternateName":"Alternative & Customised Historical Walking Tours in Berlin","url":"https:\/\/bbtours.berlin\/","logo":{"@type":"ImageObject","inLanguage":"de","@id":"https:\/\/bbtours.berlin\/#\/schema\/logo\/image\/","url":"https:\/\/bbtours.berlin\/wp-content\/uploads\/2024\/07\/BBTours-Walking-Tours-Berlin-Logo-1.png","contentUrl":"https:\/\/bbtours.berlin\/wp-content\/uploads\/2024\/07\/BBTours-Walking-Tours-Berlin-Logo-1.png","width":696,"height":696,"caption":"Beyond and Beneath Tours Berlin"},"image":{"@id":"https:\/\/bbtours.berlin\/#\/schema\/logo\/image\/"},"sameAs":["https:\/\/www.facebook.com\/bbtoursberlin","https:\/\/www.instagram.com\/bbtoursberlin\/","https:\/\/www.tiktok.com\/@bbtoursberlin"],"publishingPrinciples":"https:\/\/bbtours.berlin\/imprint\/","ownershipFundingInfo":"https:\/\/bbtours.berlin\/contact\/","actionableFeedbackPolicy":"https:\/\/bbtours.berlin\/terms-and-conditions\/"}]}},"_links":{"self":[{"href":"https:\/\/bbtours.berlin\/de\/wp-json\/wp\/v2\/pages\/252935","targetHints":{"allow":["GET"]}}],"collection":[{"href":"https:\/\/bbtours.berlin\/de\/wp-json\/wp\/v2\/pages"}],"about":[{"href":"https:\/\/bbtours.berlin\/de\/wp-json\/wp\/v2\/types\/page"}],"author":[{"embeddable":true,"href":"https:\/\/bbtours.berlin\/de\/wp-json\/wp\/v2\/users\/1"}],"replies":[{"embeddable":true,"href":"https:\/\/bbtours.berlin\/de\/wp-json\/wp\/v2\/comments?post=252935"}],"version-history":[{"count":0,"href":"https:\/\/bbtours.berlin\/de\/wp-json\/wp\/v2\/pages\/252935\/revisions"}],"wp:attachment":[{"href":"https:\/\/bbtours.berlin\/de\/wp-json\/wp\/v2\/media?parent=252935"}],"curies":[{"name":"wp","href":"https:\/\/api.w.org\/{rel}","templated":true}]}}