{"id":252974,"date":"2021-07-14T20:50:54","date_gmt":"2021-07-14T20:50:54","guid":{"rendered":"https:\/\/bbtours.berlin\/impressum\/"},"modified":"2024-09-01T19:54:51","modified_gmt":"2024-09-01T19:54:51","slug":"impressum","status":"publish","type":"page","link":"https:\/\/bbtours.berlin\/de\/impressum\/","title":{"rendered":"IMPRESSUM"},"content":{"rendered":"<div class=\"wpb-content-wrapper\">[vc_row css=&#8220;.vc_custom_1725220488553{border-top-width: 4px !important;padding-bottom: 20px !important;background-color: #edede6 !important;border-top-style: solid !important;border-color: #b34013 !important;}&#8220;][vc_column][vc_column_text css=&#8220;&#8220;]\n<h1><strong>IMPRESSUM<\/strong><\/h1>\n<h3><strong>Angaben gem\u00e4\u00df \u00a7 5 TMG<\/strong><\/h3>\n<div dir=\"ltr\"><strong>Beyond and Beneath Tours (Baltkalne und Kunga) GbR\u00a0<\/strong><br \/>\nW\u00f6nnichstrasse 20B<br \/>\n10317 Berlin<\/div>\n<div dir=\"ltr\">Deutschland<\/div>\n<p>&nbsp;<\/p>\n<p><strong>Vertreten durch:<\/strong><br \/>\nMartina Baltkalne<br \/>\nIeva Kunga<\/p>\n<h3><strong>Kontakt<\/strong><\/h3>\n<p>Telefon: +49 1575 1017777<br \/>\nE-Mail: <a href=\"mailto:hello@bbtours.berlin\">hello@bbtours.berlin<\/a><\/p>\n<p>Steuernummer: 32\/228\/01241<\/p>\n<h3 class=\"p1\"><b>Umsatzsteuer-ID<\/b><\/h3>\n<p class=\"p2\">Umsatzsteuer-Identifikationsnummer gem\u00e4\u00df \u00a7 27 a Umsatzsteuergesetz:<br \/>\nUSt-IdNr.: DE341414472<\/p>\n<h3 class=\"p1\"><strong>Gewerbeanmeldung<\/strong><\/h3>\n<p class=\"p2\">Die Gewerbeerlaubnis nach \u00a714 GewO wurde am 01.04.2021 von folgender Stelle erteilt: Bezirksamt Lichtenberg.<\/p>\n<h3><strong>Redaktionell verantwortlich<\/strong><\/h3>\n<p>Martina Baltkalne<br \/>\nIeva Kunga<\/p>\n<h3>EU-Streitschlichtung<\/h3>\n<p>Die Europ\u00e4ische Kommission stellt eine Plattform zur Online-Streitbeilegung (OS) bereit: <a href=\"https:\/\/ec.europa.eu\/consumers\/odr\/\" target=\"_blank\" rel=\"noopener noreferrer\">https:\/\/ec.europa.eu\/consumers\/odr\/<\/a>.<br \/>\nUnsere E-Mail-Adresse finden Sie oben im Impressum.<\/p>\n<h3>Verbraucher\u00adstreit\u00adbeilegung\/Universal\u00adschlichtungs\u00adstelle<\/h3>\n<p>Wir nehmen an einem Streitbeilegungsverfahren vor einer Verbraucherschlichtungsstelle teil. Zust\u00e4ndig ist die Universalschlichtungsstelle des Zentrums f\u00fcr Schlichtung e.V., Stra\u00dfburger Stra\u00dfe 8, 77694 Kehl am Rhein (<a href=\"https:\/\/www.verbraucher-schlichter.de\" target=\"_blank\" rel=\"noopener noreferrer\">https:\/\/www.verbraucher-schlichter.de<\/a>).<\/p>\n<p><strong>Design &amp; Branding: Ieva Kunga &#8211; Art Director &#8211; Print &amp; Web,<\/strong> <a href=\"https:\/\/ievakunga.eu\/\" target=\"_blank\" rel=\"noopener\">www.ievakunga.eu<\/a>[\/vc_column_text][\/vc_column][\/vc_row]\n<\/div>","protected":false},"excerpt":{"rendered":"<p>[vc_row css=&#8220;.vc_custom_1725220488553{border-top-width: 4px !important;padding-bottom: 20px !important;background-color: #edede6 !important;border-top-style: solid !important;border-color: #b34013 !important;}&#8220;][vc_column][vc_column_text css=&#8220;&#8220;] IMPRESSUM Angaben gem\u00e4\u00df \u00a7 5 TMG Beyond and Beneath Tours (Baltkalne und Kunga) GbR\u00a0 W\u00f6nnichstrasse 20B 10317 Berlin Deutschland &nbsp; Vertreten durch: Martina Baltkalne Ieva Kunga Kontakt Telefon: +49 1575 1017777 E-Mail: hello@bbtours.berlin Steuernummer: 32\/228\/01241 Umsatzsteuer-ID Umsatzsteuer-Identifikationsnummer gem\u00e4\u00df \u00a7 27 a Umsatzsteuergesetz:&hellip;<\/p>\n","protected":false},"author":1,"featured_media":0,"parent":0,"menu_order":0,"comment_status":"closed","ping_status":"closed","template":"","meta":{"footnotes":""},"class_list":["post-252974","page","type-page","status-publish","hentry","entry","no-media"],"yoast_head":"<!-- This site is optimized with the Yoast SEO Premium plugin v27.3 (Yoast SEO v27.3) - https:\/\/yoast.com\/product\/yoast-seo-premium-wordpress\/ -->\n<title>IMPRESSUM - Alternative &amp; Customised Historical Walking Tours in Berlin<\/title>\n<meta name=\"description\" content=\"The best walking tour experience in Berlin with professional guides in small groups. Discover Berlin with us, one story at a time.\" \/>\n<meta name=\"robots\" content=\"index, follow, max-snippet:-1, max-image-preview:large, max-video-preview:-1\" \/>\n<link rel=\"canonical\" href=\"https:\/\/bbtours.berlin\/de\/impressum\/\" \/>\n<meta property=\"og:locale\" content=\"de_DE\" \/>\n<meta property=\"og:type\" content=\"article\" \/>\n<meta property=\"og:title\" content=\"IMPRESSUM\" \/>\n<meta property=\"og:description\" content=\"The best walking tour experience in Berlin with professional guides in small groups. Discover Berlin with us, one story at a time.\" \/>\n<meta property=\"og:url\" content=\"https:\/\/bbtours.berlin\/de\/impressum\/\" \/>\n<meta property=\"og:site_name\" content=\"Alternative &amp; Customised Historical Walking Tours in Berlin\" \/>\n<meta property=\"article:publisher\" content=\"https:\/\/www.facebook.com\/bbtoursberlin\" \/>\n<meta property=\"article:modified_time\" content=\"2024-09-01T19:54:51+00:00\" \/>\n<meta property=\"og:image\" content=\"https:\/\/bbtours.berlin\/wp-content\/uploads\/2025\/10\/BBTours-Grouptours.webp\" \/>\n\t<meta property=\"og:image:width\" content=\"2400\" \/>\n\t<meta property=\"og:image:height\" content=\"1000\" \/>\n\t<meta property=\"og:image:type\" content=\"image\/jpeg\" \/>\n<meta name=\"twitter:card\" content=\"summary_large_image\" \/>\n<meta name=\"twitter:label1\" content=\"Gesch\u00e4tzte Lesezeit\" \/>\n\t<meta name=\"twitter:data1\" content=\"1\u00a0Minute\" \/>\n<script type=\"application\/ld+json\" class=\"yoast-schema-graph\">{\"@context\":\"https:\\\/\\\/schema.org\",\"@graph\":[{\"@type\":[\"WebPage\",\"CheckoutPage\"],\"@id\":\"https:\\\/\\\/bbtours.berlin\\\/de\\\/impressum\\\/\",\"url\":\"https:\\\/\\\/bbtours.berlin\\\/de\\\/impressum\\\/\",\"name\":\"IMPRESSUM - Alternative &amp; Customised Historical Walking Tours in Berlin\",\"isPartOf\":{\"@id\":\"https:\\\/\\\/bbtours.berlin\\\/#website\"},\"datePublished\":\"2021-07-14T20:50:54+00:00\",\"dateModified\":\"2024-09-01T19:54:51+00:00\",\"description\":\"The best walking tour experience in Berlin with professional guides in small groups. Discover Berlin with us, one story at a time.\",\"breadcrumb\":{\"@id\":\"https:\\\/\\\/bbtours.berlin\\\/de\\\/impressum\\\/#breadcrumb\"},\"inLanguage\":\"de\",\"potentialAction\":[{\"@type\":\"ReadAction\",\"target\":[\"https:\\\/\\\/bbtours.berlin\\\/de\\\/impressum\\\/\"]}]},{\"@type\":\"BreadcrumbList\",\"@id\":\"https:\\\/\\\/bbtours.berlin\\\/de\\\/impressum\\\/#breadcrumb\",\"itemListElement\":[{\"@type\":\"ListItem\",\"position\":1,\"name\":\"Home\",\"item\":\"https:\\\/\\\/bbtours.berlin\\\/de\\\/\"},{\"@type\":\"ListItem\",\"position\":2,\"name\":\"IMPRESSUM\"}]},{\"@type\":\"WebSite\",\"@id\":\"https:\\\/\\\/bbtours.berlin\\\/#website\",\"url\":\"https:\\\/\\\/bbtours.berlin\\\/\",\"name\":\"Alternative & Customised Historical Walking Tours in Berlin\",\"description\":\"Walking Tours in Berlin\",\"publisher\":{\"@id\":\"https:\\\/\\\/bbtours.berlin\\\/#organization\"},\"alternateName\":\"Beyond & Beneath Tours Berlin\",\"potentialAction\":[{\"@type\":\"SearchAction\",\"target\":{\"@type\":\"EntryPoint\",\"urlTemplate\":\"https:\\\/\\\/bbtours.berlin\\\/?s={search_term_string}\"},\"query-input\":{\"@type\":\"PropertyValueSpecification\",\"valueRequired\":true,\"valueName\":\"search_term_string\"}}],\"inLanguage\":\"de\"},{\"@type\":\"Organization\",\"@id\":\"https:\\\/\\\/bbtours.berlin\\\/#organization\",\"name\":\"Beyond and Beneath Tours Berlin\",\"alternateName\":\"Alternative & Customised Historical Walking Tours in Berlin\",\"url\":\"https:\\\/\\\/bbtours.berlin\\\/\",\"logo\":{\"@type\":\"ImageObject\",\"inLanguage\":\"de\",\"@id\":\"https:\\\/\\\/bbtours.berlin\\\/#\\\/schema\\\/logo\\\/image\\\/\",\"url\":\"https:\\\/\\\/bbtours.berlin\\\/wp-content\\\/uploads\\\/2024\\\/07\\\/BBTours-Walking-Tours-Berlin-Logo-1.png\",\"contentUrl\":\"https:\\\/\\\/bbtours.berlin\\\/wp-content\\\/uploads\\\/2024\\\/07\\\/BBTours-Walking-Tours-Berlin-Logo-1.png\",\"width\":696,\"height\":696,\"caption\":\"Beyond and Beneath Tours Berlin\"},\"image\":{\"@id\":\"https:\\\/\\\/bbtours.berlin\\\/#\\\/schema\\\/logo\\\/image\\\/\"},\"sameAs\":[\"https:\\\/\\\/www.facebook.com\\\/bbtoursberlin\",\"https:\\\/\\\/www.instagram.com\\\/bbtoursberlin\\\/\",\"https:\\\/\\\/www.tiktok.com\\\/@bbtoursberlin\"],\"publishingPrinciples\":\"https:\\\/\\\/bbtours.berlin\\\/imprint\\\/\",\"ownershipFundingInfo\":\"https:\\\/\\\/bbtours.berlin\\\/contact\\\/\",\"actionableFeedbackPolicy\":\"https:\\\/\\\/bbtours.berlin\\\/terms-and-conditions\\\/\"}]}<\/script>\n<!-- \/ Yoast SEO Premium plugin. -->","yoast_head_json":{"title":"IMPRESSUM - Alternative &amp; Customised Historical Walking Tours in Berlin","description":"The best walking tour experience in Berlin with professional guides in small groups. Discover Berlin with us, one story at a time.","robots":{"index":"index","follow":"follow","max-snippet":"max-snippet:-1","max-image-preview":"max-image-preview:large","max-video-preview":"max-video-preview:-1"},"canonical":"https:\/\/bbtours.berlin\/de\/impressum\/","og_locale":"de_DE","og_type":"article","og_title":"IMPRESSUM","og_description":"The best walking tour experience in Berlin with professional guides in small groups. Discover Berlin with us, one story at a time.","og_url":"https:\/\/bbtours.berlin\/de\/impressum\/","og_site_name":"Alternative &amp; Customised Historical Walking Tours in Berlin","article_publisher":"https:\/\/www.facebook.com\/bbtoursberlin","article_modified_time":"2024-09-01T19:54:51+00:00","og_image":[{"width":2400,"height":1000,"url":"https:\/\/bbtours.berlin\/wp-content\/uploads\/2025\/10\/BBTours-Grouptours.webp","type":"image\/jpeg"}],"twitter_card":"summary_large_image","twitter_misc":{"Gesch\u00e4tzte Lesezeit":"1\u00a0Minute"},"schema":{"@context":"https:\/\/schema.org","@graph":[{"@type":["WebPage","CheckoutPage"],"@id":"https:\/\/bbtours.berlin\/de\/impressum\/","url":"https:\/\/bbtours.berlin\/de\/impressum\/","name":"IMPRESSUM - Alternative &amp; Customised Historical Walking Tours in Berlin","isPartOf":{"@id":"https:\/\/bbtours.berlin\/#website"},"datePublished":"2021-07-14T20:50:54+00:00","dateModified":"2024-09-01T19:54:51+00:00","description":"The best walking tour experience in Berlin with professional guides in small groups. Discover Berlin with us, one story at a time.","breadcrumb":{"@id":"https:\/\/bbtours.berlin\/de\/impressum\/#breadcrumb"},"inLanguage":"de","potentialAction":[{"@type":"ReadAction","target":["https:\/\/bbtours.berlin\/de\/impressum\/"]}]},{"@type":"BreadcrumbList","@id":"https:\/\/bbtours.berlin\/de\/impressum\/#breadcrumb","itemListElement":[{"@type":"ListItem","position":1,"name":"Home","item":"https:\/\/bbtours.berlin\/de\/"},{"@type":"ListItem","position":2,"name":"IMPRESSUM"}]},{"@type":"WebSite","@id":"https:\/\/bbtours.berlin\/#website","url":"https:\/\/bbtours.berlin\/","name":"Alternative & Customised Historical Walking Tours in Berlin","description":"Walking Tours in Berlin","publisher":{"@id":"https:\/\/bbtours.berlin\/#organization"},"alternateName":"Beyond & Beneath Tours Berlin","potentialAction":[{"@type":"SearchAction","target":{"@type":"EntryPoint","urlTemplate":"https:\/\/bbtours.berlin\/?s={search_term_string}"},"query-input":{"@type":"PropertyValueSpecification","valueRequired":true,"valueName":"search_term_string"}}],"inLanguage":"de"},{"@type":"Organization","@id":"https:\/\/bbtours.berlin\/#organization","name":"Beyond and Beneath Tours Berlin","alternateName":"Alternative & Customised Historical Walking Tours in Berlin","url":"https:\/\/bbtours.berlin\/","logo":{"@type":"ImageObject","inLanguage":"de","@id":"https:\/\/bbtours.berlin\/#\/schema\/logo\/image\/","url":"https:\/\/bbtours.berlin\/wp-content\/uploads\/2024\/07\/BBTours-Walking-Tours-Berlin-Logo-1.png","contentUrl":"https:\/\/bbtours.berlin\/wp-content\/uploads\/2024\/07\/BBTours-Walking-Tours-Berlin-Logo-1.png","width":696,"height":696,"caption":"Beyond and Beneath Tours Berlin"},"image":{"@id":"https:\/\/bbtours.berlin\/#\/schema\/logo\/image\/"},"sameAs":["https:\/\/www.facebook.com\/bbtoursberlin","https:\/\/www.instagram.com\/bbtoursberlin\/","https:\/\/www.tiktok.com\/@bbtoursberlin"],"publishingPrinciples":"https:\/\/bbtours.berlin\/imprint\/","ownershipFundingInfo":"https:\/\/bbtours.berlin\/contact\/","actionableFeedbackPolicy":"https:\/\/bbtours.berlin\/terms-and-conditions\/"}]}},"_links":{"self":[{"href":"https:\/\/bbtours.berlin\/de\/wp-json\/wp\/v2\/pages\/252974","targetHints":{"allow":["GET"]}}],"collection":[{"href":"https:\/\/bbtours.berlin\/de\/wp-json\/wp\/v2\/pages"}],"about":[{"href":"https:\/\/bbtours.berlin\/de\/wp-json\/wp\/v2\/types\/page"}],"author":[{"embeddable":true,"href":"https:\/\/bbtours.berlin\/de\/wp-json\/wp\/v2\/users\/1"}],"replies":[{"embeddable":true,"href":"https:\/\/bbtours.berlin\/de\/wp-json\/wp\/v2\/comments?post=252974"}],"version-history":[{"count":0,"href":"https:\/\/bbtours.berlin\/de\/wp-json\/wp\/v2\/pages\/252974\/revisions"}],"wp:attachment":[{"href":"https:\/\/bbtours.berlin\/de\/wp-json\/wp\/v2\/media?parent=252974"}],"curies":[{"name":"wp","href":"https:\/\/api.w.org\/{rel}","templated":true}]}}